{"id":751,"date":"2025-12-19T13:32:41","date_gmt":"2025-12-19T13:32:41","guid":{"rendered":"https:\/\/zsludov.com\/?page_id=751"},"modified":"2026-03-20T11:27:03","modified_gmt":"2026-03-20T11:27:03","slug":"real-estate-brokerage","status":"publish","type":"page","link":"https:\/\/zsludov.com\/en\/real-estate-brokerage\/","title":{"rendered":""},"content":{"rendered":"<div data-elementor-type=\"wp-page\" data-elementor-id=\"751\" class=\"elementor elementor-751\" data-elementor-post-type=\"page\">\n\t\t\t\t<div class=\"elementor-element elementor-element-d878391 e-flex e-con-boxed e-con e-parent\" data-id=\"d878391\" data-element_type=\"container\" data-e-type=\"container\" data-settings=\"{&quot;background_background&quot;:&quot;classic&quot;}\">\n\t\t\t\t\t<div class=\"e-con-inner\">\n\t\t<div class=\"elementor-element elementor-element-f379637 e-con-full e-flex e-con e-child\" data-id=\"f379637\" data-element_type=\"container\" data-e-type=\"container\">\n\t\t\t\t<div class=\"elementor-element elementor-element-8e27992 elementor-widget elementor-widget-heading\" data-id=\"8e27992\" data-element_type=\"widget\" data-e-type=\"widget\" data-widget_type=\"heading.default\">\n\t\t\t\t<div class=\"elementor-widget-container\">\n\t\t\t\t\t<h1 class=\"elementor-heading-title elementor-size-default\">\u0420\u0438\u044d\u043b\u0442\u043e\u0440\u0441\u043a\u0438\u0435 \u0443\u0441\u043b\u0443\u0433\u0438<\/h1>\t\t\t\t<\/div>\n\t\t\t\t<\/div>\n\t\t\t\t<\/div>\n\t\t\t\t\t<\/div>\n\t\t\t\t<\/div>\n\t\t<div class=\"elementor-element elementor-element-5b961d2 e-flex e-con-boxed e-con e-parent\" data-id=\"5b961d2\" data-element_type=\"container\" data-e-type=\"container\" data-settings=\"{&quot;background_background&quot;:&quot;classic&quot;}\">\n\t\t\t\t\t<div class=\"e-con-inner\">\n\t\t<div class=\"elementor-element elementor-element-178660a e-con-full e-flex e-con e-child\" data-id=\"178660a\" data-element_type=\"container\" data-e-type=\"container\">\n\t\t\t\t<div class=\"elementor-element elementor-element-d1db581 elementor-widget elementor-widget-text-editor\" data-id=\"d1db581\" data-element_type=\"widget\" data-e-type=\"widget\" data-widget_type=\"text-editor.default\">\n\t\t\t\t<div class=\"elementor-widget-container\">\n\t\t\t\t\t\t\t\t\t<p><strong>\u041d\u0430\u043c\u0438 \u043d\u0430\u043a\u043e\u043f\u043b\u0435\u043d \u0431\u043e\u0433\u0430\u0442\u044b\u0439 \u043e\u043f\u044b\u0442 \u043f\u0440\u043e\u0434\u0430\u0436\u0438 \u0436\u0438\u043b\u043e\u0439 \u0438 \u043a\u043e\u043c\u043c\u0435\u0440\u0447\u0435\u0441\u043a\u043e\u0439 \u043d\u0435\u0434\u0432\u0438\u0436\u0438\u043c\u043e\u0441\u0442\u0438 \u043a\u0430\u043a \u0432 \u0411\u0443\u0434\u0430\u043f\u0435\u0448\u0442\u0435 \u0438<\/strong><br \/><strong>\u043e\u0431\u043b\u0430\u0441\u0442\u0438, \u0442\u0430\u043a \u0438 \u043d\u0430 \u0442\u0435\u0440\u0440\u0438\u0442\u043e\u0440\u0438\u0438 \u0432\u0441\u0435\u0439 \u0412\u0435\u043d\u0433\u0440\u0438\u0438.<\/strong><\/p>\t\t\t\t\t\t\t\t<\/div>\n\t\t\t\t<\/div>\n\t\t\t\t<\/div>\n\t\t<div class=\"elementor-element elementor-element-39709d0 e-con-full e-flex e-con e-child\" data-id=\"39709d0\" data-element_type=\"container\" data-e-type=\"container\">\n\t\t\t\t<div class=\"elementor-element elementor-element-3e14e77 elementor-widget elementor-widget-image\" data-id=\"3e14e77\" data-element_type=\"widget\" data-e-type=\"widget\" data-widget_type=\"image.default\">\n\t\t\t\t<div class=\"elementor-widget-container\">\n\t\t\t\t\t\t\t\t\t\t\t\t\t\t\t<img fetchpriority=\"high\" decoding=\"async\" width=\"740\" height=\"416\" src=\"https:\/\/zsludov.com\/wp-content\/uploads\/2026\/03\/Megbizhatosag-es-szakertelem.-9.png\" class=\"attachment-large size-large wp-image-2827\" alt=\"megb\u00edzhat\u00f3s\u00e1g \u00e9s szak\u00e9rtelem. (9)\" srcset=\"https:\/\/zsludov.com\/wp-content\/uploads\/2026\/03\/Megbizhatosag-es-szakertelem.-9.png 740w, https:\/\/zsludov.com\/wp-content\/uploads\/2026\/03\/Megbizhatosag-es-szakertelem.-9-300x169.png 300w, https:\/\/zsludov.com\/wp-content\/uploads\/2026\/03\/Megbizhatosag-es-szakertelem.-9-18x10.png 18w\" sizes=\"(max-width: 740px) 100vw, 740px\" title=\"\">\t\t\t\t\t\t\t\t\t\t\t\t\t\t\t<\/div>\n\t\t\t\t<\/div>\n\t\t\t\t<\/div>\n\t\t\t\t\t<\/div>\n\t\t\t\t<\/div>\n\t\t\t\t<\/div>","protected":false},"excerpt":{"rendered":"<p>\u0420\u0438\u044d\u043b\u0442\u043e\u0440\u0441\u043a\u0438\u0435 \u0443\u0441\u043b\u0443\u0433\u0438 \u041d\u0430\u043c\u0438 \u043d\u0430\u043a\u043e\u043f\u043b\u0435\u043d \u0431\u043e\u0433\u0430\u0442\u044b\u0439 \u043e\u043f\u044b\u0442 \u043f\u0440\u043e\u0434\u0430\u0436\u0438 \u0436\u0438\u043b\u043e\u0439 \u0438 \u043a\u043e\u043c\u043c\u0435\u0440\u0447\u0435\u0441\u043a\u043e\u0439 \u043d\u0435\u0434\u0432\u0438\u0436\u0438\u043c\u043e\u0441\u0442\u0438 \u043a\u0430\u043a \u0432 \u0411\u0443\u0434\u0430\u043f\u0435\u0448\u0442\u0435 \u0438\u043e\u0431\u043b\u0430\u0441\u0442\u0438, \u0442\u0430\u043a \u0438 \u043d\u0430 \u0442\u0435\u0440\u0440\u0438\u0442\u043e\u0440\u0438\u0438 \u0432\u0441\u0435\u0439 \u0412\u0435\u043d\u0433\u0440\u0438\u0438.<\/p>","protected":false},"author":1,"featured_media":0,"parent":0,"menu_order":0,"comment_status":"closed","ping_status":"closed","template":"","meta":{"site-sidebar-layout":"no-sidebar","site-content-layout":"page-builder","ast-site-content-layout":"full-width-container","site-content-style":"unboxed","site-sidebar-style":"unboxed","ast-global-header-display":"","ast-banner-title-visibility":"","ast-main-header-display":"","ast-hfb-above-header-display":"","ast-hfb-below-header-display":"","ast-hfb-mobile-header-display":"","site-post-title":"","ast-breadcrumbs-content":"","ast-featured-img":"disabled","footer-sml-layout":"","ast-disable-related-posts":"","theme-transparent-header-meta":"","adv-header-id-meta":"","stick-header-meta":"","header-above-stick-meta":"","header-main-stick-meta":"","header-below-stick-meta":"","astra-migrate-meta-layouts":"set","ast-page-background-enabled":"default","ast-page-background-meta":{"desktop":{"background-color":"","background-image":"","background-repeat":"repeat","background-position":"center center","background-size":"auto","background-attachment":"scroll","background-type":"","background-media":"","overlay-type":"","overlay-color":"","overlay-opacity":"","overlay-gradient":""},"tablet":{"background-color":"","background-image":"","background-repeat":"repeat","background-position":"center center","background-size":"auto","background-attachment":"scroll","background-type":"","background-media":"","overlay-type":"","overlay-color":"","overlay-opacity":"","overlay-gradient":""},"mobile":{"background-color":"","background-image":"","background-repeat":"repeat","background-position":"center center","background-size":"auto","background-attachment":"scroll","background-type":"","background-media":"","overlay-type":"","overlay-color":"","overlay-opacity":"","overlay-gradient":""}},"ast-content-background-meta":{"desktop":{"background-color":"var(--ast-global-color-5)","background-image":"","background-repeat":"repeat","background-position":"center center","background-size":"auto","background-attachment":"scroll","background-type":"","background-media":"","overlay-type":"","overlay-color":"","overlay-opacity":"","overlay-gradient":""},"tablet":{"background-color":"var(--ast-global-color-5)","background-image":"","background-repeat":"repeat","background-position":"center center","background-size":"auto","background-attachment":"scroll","background-type":"","background-media":"","overlay-type":"","overlay-color":"","overlay-opacity":"","overlay-gradient":""},"mobile":{"background-color":"var(--ast-global-color-5)","background-image":"","background-repeat":"repeat","background-position":"center center","background-size":"auto","background-attachment":"scroll","background-type":"","background-media":"","overlay-type":"","overlay-color":"","overlay-opacity":"","overlay-gradient":""}},"footnotes":""},"class_list":["post-751","page","type-page","status-publish","hentry"],"_links":{"self":[{"href":"https:\/\/zsludov.com\/en\/wp-json\/wp\/v2\/pages\/751","targetHints":{"allow":["GET"]}}],"collection":[{"href":"https:\/\/zsludov.com\/en\/wp-json\/wp\/v2\/pages"}],"about":[{"href":"https:\/\/zsludov.com\/en\/wp-json\/wp\/v2\/types\/page"}],"author":[{"embeddable":true,"href":"https:\/\/zsludov.com\/en\/wp-json\/wp\/v2\/users\/1"}],"replies":[{"embeddable":true,"href":"https:\/\/zsludov.com\/en\/wp-json\/wp\/v2\/comments?post=751"}],"version-history":[{"count":15,"href":"https:\/\/zsludov.com\/en\/wp-json\/wp\/v2\/pages\/751\/revisions"}],"predecessor-version":[{"id":2967,"href":"https:\/\/zsludov.com\/en\/wp-json\/wp\/v2\/pages\/751\/revisions\/2967"}],"wp:attachment":[{"href":"https:\/\/zsludov.com\/en\/wp-json\/wp\/v2\/media?parent=751"}],"curies":[{"name":"wp","href":"https:\/\/api.w.org\/{rel}","templated":true}]}}