{"id":2632,"date":"2026-03-18T22:00:14","date_gmt":"2026-03-18T22:00:14","guid":{"rendered":"https:\/\/zsludov.com\/?page_id=2632"},"modified":"2026-03-20T11:24:09","modified_gmt":"2026-03-20T11:24:09","slug":"family-law","status":"publish","type":"page","link":"https:\/\/zsludov.com\/hu\/family-law\/","title":{"rendered":""},"content":{"rendered":"<div data-elementor-type=\"wp-page\" data-elementor-id=\"2632\" class=\"elementor elementor-2632\" data-elementor-post-type=\"page\">\n\t\t\t\t<div class=\"elementor-element elementor-element-d0cf26a e-flex e-con-boxed e-con e-parent\" data-id=\"d0cf26a\" data-element_type=\"container\" data-e-type=\"container\" data-settings=\"{&quot;background_background&quot;:&quot;classic&quot;}\">\n\t\t\t\t\t<div class=\"e-con-inner\">\n\t\t<div class=\"elementor-element elementor-element-af60028 e-con-full e-flex e-con e-child\" data-id=\"af60028\" data-element_type=\"container\" data-e-type=\"container\">\n\t\t\t\t<div class=\"elementor-element elementor-element-0c75f06 elementor-widget elementor-widget-heading\" data-id=\"0c75f06\" data-element_type=\"widget\" data-e-type=\"widget\" data-widget_type=\"heading.default\">\n\t\t\t\t<div class=\"elementor-widget-container\">\n\t\t\t\t\t<h1 class=\"elementor-heading-title elementor-size-default\">\u0421\u0435\u043c\u0435\u0439\u043d\u043e\u0435 \u043f\u0440\u0430\u0432\u043e<\/h1>\t\t\t\t<\/div>\n\t\t\t\t<\/div>\n\t\t\t\t<\/div>\n\t\t\t\t\t<\/div>\n\t\t\t\t<\/div>\n\t\t<div class=\"elementor-element elementor-element-1188afd e-flex e-con-boxed e-con e-parent\" data-id=\"1188afd\" data-element_type=\"container\" data-e-type=\"container\" data-settings=\"{&quot;background_background&quot;:&quot;classic&quot;}\">\n\t\t\t\t\t<div class=\"e-con-inner\">\n\t\t<div class=\"elementor-element elementor-element-86bcfc5 e-con-full e-flex e-con e-child\" data-id=\"86bcfc5\" data-element_type=\"container\" data-e-type=\"container\">\n\t\t\t\t<div class=\"elementor-element elementor-element-b4c7437 elementor-widget elementor-widget-text-editor\" data-id=\"b4c7437\" data-element_type=\"widget\" data-e-type=\"widget\" data-widget_type=\"text-editor.default\">\n\t\t\t\t<div class=\"elementor-widget-container\">\n\t\t\t\t\t\t\t\t\t<p><strong>\u0421\u043e\u0441\u0442\u0430\u0432\u043b\u0435\u043d\u0438\u0435 \u0431\u0440\u0430\u0447\u043d\u044b\u0445 \u043a\u043e\u043d\u0442\u0440\u0430\u043a\u0442\u043e\u0432. \u041f\u043e\u043c\u043e\u0449\u044c \u0432 \u0438\u043c\u0443\u0449\u0435\u0441\u0442\u0432\u0435\u043d\u043d\u044b\u0445 \u0440\u0430\u0437\u043d\u043e\u0433\u043b\u0430\u0441\u0438\u044f\u0445 \u043c\u0435\u0436\u0434\u0443 \u0441\u0443\u043f\u0440\u0443\u0433\u0430\u043c\u0438 \u0441 \u0446\u0435\u043b\u044c\u044e \u0434\u043e\u0441\u0442\u0438\u0436\u0435\u043d\u0438\u044f \u0434\u043e\u0433\u043e\u0432\u043e\u0440\u0435\u043d\u043d\u043e\u0441\u0442\u0438 \u0438 \u0443\u0441\u0442\u0440\u0430\u043d\u0435\u043d\u0438\u044f \u043f\u0440\u0438\u0447\u0438\u043d, \u043c\u0435\u0448\u0430\u044e\u0449\u0438\u0445 \u043d\u043e\u0440\u043c\u0430\u043b\u044c\u043d\u043e\u0439 \u0441\u0435\u043c\u0435\u0439\u043d\u043e\u0439 \u0436\u0438\u0437\u043d\u0438.<\/strong><\/p>\t\t\t\t\t\t\t\t<\/div>\n\t\t\t\t<\/div>\n\t\t\t\t<\/div>\n\t\t<div class=\"elementor-element elementor-element-9e93e85 e-con-full e-flex e-con e-child\" data-id=\"9e93e85\" data-element_type=\"container\" data-e-type=\"container\">\n\t\t\t\t<div class=\"elementor-element elementor-element-67790af elementor-widget elementor-widget-image\" data-id=\"67790af\" data-element_type=\"widget\" data-e-type=\"widget\" data-widget_type=\"image.default\">\n\t\t\t\t<div class=\"elementor-widget-container\">\n\t\t\t\t\t\t\t\t\t\t\t\t\t\t\t<img fetchpriority=\"high\" decoding=\"async\" width=\"740\" height=\"416\" src=\"https:\/\/zsludov.com\/wp-content\/uploads\/2026\/03\/Megbizhatosag-es-szakertelem.-7.png\" class=\"attachment-large size-large wp-image-2780\" alt=\"megb\u00edzhat\u00f3s\u00e1g \u00e9s szak\u00e9rtelem. (7)\" srcset=\"https:\/\/zsludov.com\/wp-content\/uploads\/2026\/03\/Megbizhatosag-es-szakertelem.-7.png 740w, https:\/\/zsludov.com\/wp-content\/uploads\/2026\/03\/Megbizhatosag-es-szakertelem.-7-300x169.png 300w, https:\/\/zsludov.com\/wp-content\/uploads\/2026\/03\/Megbizhatosag-es-szakertelem.-7-18x10.png 18w\" sizes=\"(max-width: 740px) 100vw, 740px\" title=\"\">\t\t\t\t\t\t\t\t\t\t\t\t\t\t\t<\/div>\n\t\t\t\t<\/div>\n\t\t\t\t<\/div>\n\t\t\t\t\t<\/div>\n\t\t\t\t<\/div>\n\t\t\t\t<\/div>","protected":false},"excerpt":{"rendered":"<p>\u0421\u0435\u043c\u0435\u0439\u043d\u043e\u0435 \u043f\u0440\u0430\u0432\u043e \u0421\u043e\u0441\u0442\u0430\u0432\u043b\u0435\u043d\u0438\u0435 \u0431\u0440\u0430\u0447\u043d\u044b\u0445 \u043a\u043e\u043d\u0442\u0440\u0430\u043a\u0442\u043e\u0432. \u041f\u043e\u043c\u043e\u0449\u044c \u0432 \u0438\u043c\u0443\u0449\u0435\u0441\u0442\u0432\u0435\u043d\u043d\u044b\u0445 \u0440\u0430\u0437\u043d\u043e\u0433\u043b\u0430\u0441\u0438\u044f\u0445 \u043c\u0435\u0436\u0434\u0443 \u0441\u0443\u043f\u0440\u0443\u0433\u0430\u043c\u0438 \u0441 \u0446\u0435\u043b\u044c\u044e \u0434\u043e\u0441\u0442\u0438\u0436\u0435\u043d\u0438\u044f \u0434\u043e\u0433\u043e\u0432\u043e\u0440\u0435\u043d\u043d\u043e\u0441\u0442\u0438 \u0438 \u0443\u0441\u0442\u0440\u0430\u043d\u0435\u043d\u0438\u044f \u043f\u0440\u0438\u0447\u0438\u043d, \u043c\u0435\u0448\u0430\u044e\u0449\u0438\u0445 \u043d\u043e\u0440\u043c\u0430\u043b\u044c\u043d\u043e\u0439 \u0441\u0435\u043c\u0435\u0439\u043d\u043e\u0439 \u0436\u0438\u0437\u043d\u0438.<\/p>","protected":false},"author":1,"featured_media":0,"parent":0,"menu_order":0,"comment_status":"closed","ping_status":"closed","template":"","meta":{"site-sidebar-layout":"no-sidebar","site-content-layout":"page-builder","ast-site-content-layout":"full-width-container","site-content-style":"default","site-sidebar-style":"default","ast-global-header-display":"","ast-banner-title-visibility":"","ast-main-header-display":"","ast-hfb-above-header-display":"","ast-hfb-below-header-display":"","ast-hfb-mobile-header-display":"","site-post-title":"","ast-breadcrumbs-content":"","ast-featured-img":"disabled","footer-sml-layout":"","ast-disable-related-posts":"","theme-transparent-header-meta":"","adv-header-id-meta":"","stick-header-meta":"","header-above-stick-meta":"","header-main-stick-meta":"","header-below-stick-meta":"","astra-migrate-meta-layouts":"set","ast-page-background-enabled":"default","ast-page-background-meta":{"desktop":{"background-color":"","background-image":"","background-repeat":"repeat","background-position":"center center","background-size":"auto","background-attachment":"scroll","background-type":"","background-media":"","overlay-type":"","overlay-color":"","overlay-opacity":"","overlay-gradient":""},"tablet":{"background-color":"","background-image":"","background-repeat":"repeat","background-position":"center center","background-size":"auto","background-attachment":"scroll","background-type":"","background-media":"","overlay-type":"","overlay-color":"","overlay-opacity":"","overlay-gradient":""},"mobile":{"background-color":"","background-image":"","background-repeat":"repeat","background-position":"center center","background-size":"auto","background-attachment":"scroll","background-type":"","background-media":"","overlay-type":"","overlay-color":"","overlay-opacity":"","overlay-gradient":""}},"ast-content-background-meta":{"desktop":{"background-color":"var(--ast-global-color-5)","background-image":"","background-repeat":"repeat","background-position":"center center","background-size":"auto","background-attachment":"scroll","background-type":"","background-media":"","overlay-type":"","overlay-color":"","overlay-opacity":"","overlay-gradient":""},"tablet":{"background-color":"var(--ast-global-color-5)","background-image":"","background-repeat":"repeat","background-position":"center center","background-size":"auto","background-attachment":"scroll","background-type":"","background-media":"","overlay-type":"","overlay-color":"","overlay-opacity":"","overlay-gradient":""},"mobile":{"background-color":"var(--ast-global-color-5)","background-image":"","background-repeat":"repeat","background-position":"center center","background-size":"auto","background-attachment":"scroll","background-type":"","background-media":"","overlay-type":"","overlay-color":"","overlay-opacity":"","overlay-gradient":""}},"footnotes":""},"class_list":["post-2632","page","type-page","status-publish","hentry"],"_links":{"self":[{"href":"https:\/\/zsludov.com\/hu\/wp-json\/wp\/v2\/pages\/2632","targetHints":{"allow":["GET"]}}],"collection":[{"href":"https:\/\/zsludov.com\/hu\/wp-json\/wp\/v2\/pages"}],"about":[{"href":"https:\/\/zsludov.com\/hu\/wp-json\/wp\/v2\/types\/page"}],"author":[{"embeddable":true,"href":"https:\/\/zsludov.com\/hu\/wp-json\/wp\/v2\/users\/1"}],"replies":[{"embeddable":true,"href":"https:\/\/zsludov.com\/hu\/wp-json\/wp\/v2\/comments?post=2632"}],"version-history":[{"count":15,"href":"https:\/\/zsludov.com\/hu\/wp-json\/wp\/v2\/pages\/2632\/revisions"}],"predecessor-version":[{"id":2949,"href":"https:\/\/zsludov.com\/hu\/wp-json\/wp\/v2\/pages\/2632\/revisions\/2949"}],"wp:attachment":[{"href":"https:\/\/zsludov.com\/hu\/wp-json\/wp\/v2\/media?parent=2632"}],"curies":[{"name":"wp","href":"https:\/\/api.w.org\/{rel}","templated":true}]}}