{"id":2649,"date":"2026-03-18T22:05:35","date_gmt":"2026-03-18T22:05:35","guid":{"rendered":"https:\/\/zsludov.com\/?page_id=2649"},"modified":"2026-03-20T11:26:07","modified_gmt":"2026-03-20T11:26:07","slug":"labor-law","status":"publish","type":"page","link":"https:\/\/zsludov.com\/hu\/labor-law\/","title":{"rendered":""},"content":{"rendered":"<div data-elementor-type=\"wp-page\" data-elementor-id=\"2649\" class=\"elementor elementor-2649\" data-elementor-post-type=\"page\">\n\t\t\t\t<div class=\"elementor-element elementor-element-34ca838 e-flex e-con-boxed e-con e-parent\" data-id=\"34ca838\" data-element_type=\"container\" data-e-type=\"container\" data-settings=\"{&quot;background_background&quot;:&quot;classic&quot;}\">\n\t\t\t\t\t<div class=\"e-con-inner\">\n\t\t<div class=\"elementor-element elementor-element-5e9355a e-con-full e-flex e-con e-child\" data-id=\"5e9355a\" data-element_type=\"container\" data-e-type=\"container\">\n\t\t\t\t<div class=\"elementor-element elementor-element-6aa4d47 elementor-widget elementor-widget-heading\" data-id=\"6aa4d47\" data-element_type=\"widget\" data-e-type=\"widget\" data-widget_type=\"heading.default\">\n\t\t\t\t<div class=\"elementor-widget-container\">\n\t\t\t\t\t<h1 class=\"elementor-heading-title elementor-size-default\">\u0422\u0440\u0443\u0434\u043e\u0432\u043e\u0435 \u043f\u0440\u0430\u0432\u043e<\/h1>\t\t\t\t<\/div>\n\t\t\t\t<\/div>\n\t\t\t\t<\/div>\n\t\t\t\t\t<\/div>\n\t\t\t\t<\/div>\n\t\t<div class=\"elementor-element elementor-element-ec0bea4 e-flex e-con-boxed e-con e-parent\" data-id=\"ec0bea4\" data-element_type=\"container\" data-e-type=\"container\" data-settings=\"{&quot;background_background&quot;:&quot;classic&quot;}\">\n\t\t\t\t\t<div class=\"e-con-inner\">\n\t\t<div class=\"elementor-element elementor-element-bef29d5 e-con-full e-flex e-con e-child\" data-id=\"bef29d5\" data-element_type=\"container\" data-e-type=\"container\">\n\t\t\t\t<div class=\"elementor-element elementor-element-0daaac7 elementor-widget elementor-widget-text-editor\" data-id=\"0daaac7\" data-element_type=\"widget\" data-e-type=\"widget\" data-widget_type=\"text-editor.default\">\n\t\t\t\t<div class=\"elementor-widget-container\">\n\t\t\t\t\t\t\t\t\t<p><strong>\u041e\u0434\u043d\u0438\u043c \u0438\u0437 \u043e\u0441\u043d\u043e\u0432\u043d\u044b\u0445 \u043d\u0430\u043f\u0440\u0430\u0432\u043b\u0435\u043d\u0438\u0439 \u043d\u0430\u0448\u0435\u0439 \u0434\u0435\u044f\u0442\u0435\u043b\u044c\u043d\u043e\u0441\u0442\u0438 \u044f\u0432\u043b\u044f\u0435\u0442\u0441\u044f \u043f\u043e\u0441\u0442\u043e\u044f\u043d\u043d\u043e\u0435 \u0438 \u043f\u043e\u043b\u043d\u043e\u0435 \u044e\u0440\u0438\u0434\u0438\u0447\u0435\u0441\u043a\u043e\u0435 \u043f\u0440\u0435\u0434\u0441\u0442\u0430\u0432\u0438\u0442\u0435\u043b\u044c\u0441\u0442\u0432\u043e \u043a\u043e\u043c\u043c\u0435\u0440\u0447\u0435\u0441\u043a\u0438\u0445 \u043a\u043e\u043c\u043f\u0430\u043d\u0438\u0439, \u043f\u043e\u044d\u0442\u043e\u043c\u0443 \u0432\u0435\u0441\u044c \u0441\u043f\u0435\u043a\u0442\u0440 \u0442\u0440\u0443\u0434\u043e\u0432\u043e\u0433\u043e \u043f\u0440\u0430\u0432\u0430 \u044f\u0432\u043b\u044f\u0435\u0442\u0441\u044f \u0447\u0430\u0441\u0442\u044c\u044e \u043f\u043e\u0432\u0441\u0435\u0434\u043d\u0435\u0432\u043d\u043e\u0439 \u0440\u0430\u0431\u043e\u0442\u044b \u043d\u0430\u0448\u0435\u0439 \u0430\u0434\u0432\u043e\u043a\u0430\u0442\u0441\u043a\u043e\u0439 \u043a\u043e\u043d\u0442\u043e\u0440\u044b. \u041d\u0430\u0448\u0430 \u0434\u0435\u044f\u0442\u0435\u043b\u044c\u043d\u043e\u0441\u0442\u044c \u0432 \u043e\u0431\u043b\u0430\u0441\u0442\u0438 \u0442\u0440\u0443\u0434\u043e\u0432\u043e\u0433\u043e \u043f\u0440\u0430\u0432\u0430, \u043f\u043e\u043c\u0438\u043c\u043e \u043f\u043e\u0441\u0442\u043e\u044f\u043d\u043d\u043e\u0433\u043e \u043a\u043e\u043d\u0441\u0443\u043b\u044c\u0442\u0438\u0440\u043e\u0432\u0430\u043d\u0438\u044f, \u0432\u043a\u043b\u044e\u0447\u0430\u0435\u0442 \u0432 \u0441\u0435\u0431\u044f \u043f\u043e\u0434\u0433\u043e\u0442\u043e\u0432\u043a\u0443 \u0442\u0440\u0443\u0434\u043e\u0432\u044b\u0445 \u0434\u043e\u0433\u043e\u0432\u043e\u0440\u043e\u0432, \u043a\u043e\u043b\u043b\u0435\u043a\u0442\u0438\u0432\u043d\u044b\u0445 \u0434\u043e\u0433\u043e\u0432\u043e\u0440\u043e\u0432, \u043f\u0440\u0430\u0432\u0438\u043b, \u0438\u043d\u0441\u0442\u0440\u0443\u043a\u0446\u0438\u0439, \u043f\u043e\u0434\u0433\u043e\u0442\u043e\u0432\u043a\u0443 \u0438 \u044d\u043a\u0441\u043f\u0435\u0440\u0442\u0438\u0437\u0443 \u0434\u043e\u043a\u0443\u043c\u0435\u043d\u0442\u043e\u0432 \u043e \u0440\u0430\u0441\u0442\u043e\u0440\u0436\u0435\u043d\u0438\u0438 \u0442\u0440\u0443\u0434\u043e\u0432\u044b\u0445 \u043e\u0442\u043d\u043e\u0448\u0435\u043d\u0438\u0439, \u0443\u0447\u0430\u0441\u0442\u0438\u0435 \u0432 \u043f\u0440\u043e\u0432\u0435\u0434\u0435\u043d\u0438\u0438 \u0440\u0435\u043e\u0440\u0433\u0430\u043d\u0438\u0437\u0430\u0446\u0438\u0439 \u0438 \u043c\u0430\u0441\u0441\u043e\u0432\u044b\u0445 \u0441\u043e\u043a\u0440\u0430\u0449\u0435\u043d\u0438\u0439, \u0430 \u0442\u0430\u043a\u0436\u0435 \u0432\u0435\u0434\u0435\u043d\u0438\u0435 \u0442\u0440\u0443\u0434\u043e\u0432\u044b\u0445 \u0441\u043f\u043e\u0440\u043e\u0432, \u0432 \u043f\u0435\u0440\u0432\u0443\u044e \u043e\u0447\u0435\u0440\u0435\u0434\u044c \u0441\u043e \u0441\u0442\u043e\u0440\u043e\u043d\u044b \u0440\u0430\u0431\u043e\u0442\u043e\u0434\u0430\u0442\u0435\u043b\u044f, \u043d\u043e \u043c\u044b \u0442\u0430\u043a\u0436\u0435 \u0438\u043c\u0435\u0435\u043c \u0431\u043e\u043b\u044c\u0448\u043e\u0439 \u043e\u043f\u044b\u0442 \u0432 \u043f\u0440\u0435\u0434\u0441\u0442\u0430\u0432\u043b\u0435\u043d\u0438\u0438 \u0438\u043d\u0442\u0435\u0440\u0435\u0441\u043e\u0432 \u0440\u0430\u0431\u043e\u0442\u043d\u0438\u043a\u043e\u0432 \u0432 \u0441\u0443\u0434\u0435 \u0438 \u0438\u0445 \u043a\u043e\u043d\u0441\u0443\u043b\u044c\u0442\u0438\u0440\u043e\u0432\u0430\u043d\u0438\u0438.<\/strong><\/p>\t\t\t\t\t\t\t\t<\/div>\n\t\t\t\t<\/div>\n\t\t\t\t<\/div>\n\t\t<div class=\"elementor-element elementor-element-1b07601 e-con-full e-flex e-con e-child\" data-id=\"1b07601\" data-element_type=\"container\" data-e-type=\"container\">\n\t\t\t\t<div class=\"elementor-element elementor-element-b55a652 elementor-widget elementor-widget-image\" data-id=\"b55a652\" data-element_type=\"widget\" data-e-type=\"widget\" data-widget_type=\"image.default\">\n\t\t\t\t<div class=\"elementor-widget-container\">\n\t\t\t\t\t\t\t\t\t\t\t\t\t\t\t<img fetchpriority=\"high\" decoding=\"async\" width=\"740\" height=\"416\" src=\"https:\/\/zsludov.com\/wp-content\/uploads\/2026\/03\/Megbizhatosag-es-szakertelem.-4-1.png\" class=\"attachment-large size-large wp-image-2779\" alt=\"megb\u00edzhat\u00f3s\u00e1g \u00e9s szak\u00e9rtelem. (4)\" srcset=\"https:\/\/zsludov.com\/wp-content\/uploads\/2026\/03\/Megbizhatosag-es-szakertelem.-4-1.png 740w, https:\/\/zsludov.com\/wp-content\/uploads\/2026\/03\/Megbizhatosag-es-szakertelem.-4-1-300x169.png 300w, https:\/\/zsludov.com\/wp-content\/uploads\/2026\/03\/Megbizhatosag-es-szakertelem.-4-1-18x10.png 18w\" sizes=\"(max-width: 740px) 100vw, 740px\" title=\"\">\t\t\t\t\t\t\t\t\t\t\t\t\t\t\t<\/div>\n\t\t\t\t<\/div>\n\t\t\t\t<\/div>\n\t\t\t\t\t<\/div>\n\t\t\t\t<\/div>\n\t\t\t\t<\/div>","protected":false},"excerpt":{"rendered":"<p>\u0422\u0440\u0443\u0434\u043e\u0432\u043e\u0435 \u043f\u0440\u0430\u0432\u043e \u041e\u0434\u043d\u0438\u043c \u0438\u0437 \u043e\u0441\u043d\u043e\u0432\u043d\u044b\u0445 \u043d\u0430\u043f\u0440\u0430\u0432\u043b\u0435\u043d\u0438\u0439 \u043d\u0430\u0448\u0435\u0439 \u0434\u0435\u044f\u0442\u0435\u043b\u044c\u043d\u043e\u0441\u0442\u0438 \u044f\u0432\u043b\u044f\u0435\u0442\u0441\u044f \u043f\u043e\u0441\u0442\u043e\u044f\u043d\u043d\u043e\u0435 \u0438 \u043f\u043e\u043b\u043d\u043e\u0435 \u044e\u0440\u0438\u0434\u0438\u0447\u0435\u0441\u043a\u043e\u0435 \u043f\u0440\u0435\u0434\u0441\u0442\u0430\u0432\u0438\u0442\u0435\u043b\u044c\u0441\u0442\u0432\u043e \u043a\u043e\u043c\u043c\u0435\u0440\u0447\u0435\u0441\u043a\u0438\u0445 \u043a\u043e\u043c\u043f\u0430\u043d\u0438\u0439, \u043f\u043e\u044d\u0442\u043e\u043c\u0443 \u0432\u0435\u0441\u044c \u0441\u043f\u0435\u043a\u0442\u0440 \u0442\u0440\u0443\u0434\u043e\u0432\u043e\u0433\u043e \u043f\u0440\u0430\u0432\u0430 \u044f\u0432\u043b\u044f\u0435\u0442\u0441\u044f \u0447\u0430\u0441\u0442\u044c\u044e \u043f\u043e\u0432\u0441\u0435\u0434\u043d\u0435\u0432\u043d\u043e\u0439 \u0440\u0430\u0431\u043e\u0442\u044b \u043d\u0430\u0448\u0435\u0439 \u0430\u0434\u0432\u043e\u043a\u0430\u0442\u0441\u043a\u043e\u0439 \u043a\u043e\u043d\u0442\u043e\u0440\u044b. \u041d\u0430\u0448\u0430 \u0434\u0435\u044f\u0442\u0435\u043b\u044c\u043d\u043e\u0441\u0442\u044c \u0432 \u043e\u0431\u043b\u0430\u0441\u0442\u0438 \u0442\u0440\u0443\u0434\u043e\u0432\u043e\u0433\u043e \u043f\u0440\u0430\u0432\u0430, \u043f\u043e\u043c\u0438\u043c\u043e \u043f\u043e\u0441\u0442\u043e\u044f\u043d\u043d\u043e\u0433\u043e \u043a\u043e\u043d\u0441\u0443\u043b\u044c\u0442\u0438\u0440\u043e\u0432\u0430\u043d\u0438\u044f, \u0432\u043a\u043b\u044e\u0447\u0430\u0435\u0442 \u0432 \u0441\u0435\u0431\u044f \u043f\u043e\u0434\u0433\u043e\u0442\u043e\u0432\u043a\u0443 \u0442\u0440\u0443\u0434\u043e\u0432\u044b\u0445 \u0434\u043e\u0433\u043e\u0432\u043e\u0440\u043e\u0432, \u043a\u043e\u043b\u043b\u0435\u043a\u0442\u0438\u0432\u043d\u044b\u0445 \u0434\u043e\u0433\u043e\u0432\u043e\u0440\u043e\u0432, \u043f\u0440\u0430\u0432\u0438\u043b, \u0438\u043d\u0441\u0442\u0440\u0443\u043a\u0446\u0438\u0439, \u043f\u043e\u0434\u0433\u043e\u0442\u043e\u0432\u043a\u0443 \u0438 \u044d\u043a\u0441\u043f\u0435\u0440\u0442\u0438\u0437\u0443 \u0434\u043e\u043a\u0443\u043c\u0435\u043d\u0442\u043e\u0432 \u043e \u0440\u0430\u0441\u0442\u043e\u0440\u0436\u0435\u043d\u0438\u0438 \u0442\u0440\u0443\u0434\u043e\u0432\u044b\u0445 \u043e\u0442\u043d\u043e\u0448\u0435\u043d\u0438\u0439, [&hellip;]<\/p>","protected":false},"author":1,"featured_media":0,"parent":0,"menu_order":0,"comment_status":"closed","ping_status":"closed","template":"","meta":{"site-sidebar-layout":"no-sidebar","site-content-layout":"page-builder","ast-site-content-layout":"full-width-container","site-content-style":"default","site-sidebar-style":"default","ast-global-header-display":"","ast-banner-title-visibility":"","ast-main-header-display":"","ast-hfb-above-header-display":"","ast-hfb-below-header-display":"","ast-hfb-mobile-header-display":"","site-post-title":"","ast-breadcrumbs-content":"","ast-featured-img":"disabled","footer-sml-layout":"","ast-disable-related-posts":"","theme-transparent-header-meta":"","adv-header-id-meta":"","stick-header-meta":"","header-above-stick-meta":"","header-main-stick-meta":"","header-below-stick-meta":"","astra-migrate-meta-layouts":"set","ast-page-background-enabled":"default","ast-page-background-meta":{"desktop":{"background-color":"","background-image":"","background-repeat":"repeat","background-position":"center center","background-size":"auto","background-attachment":"scroll","background-type":"","background-media":"","overlay-type":"","overlay-color":"","overlay-opacity":"","overlay-gradient":""},"tablet":{"background-color":"","background-image":"","background-repeat":"repeat","background-position":"center center","background-size":"auto","background-attachment":"scroll","background-type":"","background-media":"","overlay-type":"","overlay-color":"","overlay-opacity":"","overlay-gradient":""},"mobile":{"background-color":"","background-image":"","background-repeat":"repeat","background-position":"center center","background-size":"auto","background-attachment":"scroll","background-type":"","background-media":"","overlay-type":"","overlay-color":"","overlay-opacity":"","overlay-gradient":""}},"ast-content-background-meta":{"desktop":{"background-color":"var(--ast-global-color-5)","background-image":"","background-repeat":"repeat","background-position":"center center","background-size":"auto","background-attachment":"scroll","background-type":"","background-media":"","overlay-type":"","overlay-color":"","overlay-opacity":"","overlay-gradient":""},"tablet":{"background-color":"var(--ast-global-color-5)","background-image":"","background-repeat":"repeat","background-position":"center center","background-size":"auto","background-attachment":"scroll","background-type":"","background-media":"","overlay-type":"","overlay-color":"","overlay-opacity":"","overlay-gradient":""},"mobile":{"background-color":"var(--ast-global-color-5)","background-image":"","background-repeat":"repeat","background-position":"center center","background-size":"auto","background-attachment":"scroll","background-type":"","background-media":"","overlay-type":"","overlay-color":"","overlay-opacity":"","overlay-gradient":""}},"footnotes":""},"class_list":["post-2649","page","type-page","status-publish","hentry"],"_links":{"self":[{"href":"https:\/\/zsludov.com\/hu\/wp-json\/wp\/v2\/pages\/2649","targetHints":{"allow":["GET"]}}],"collection":[{"href":"https:\/\/zsludov.com\/hu\/wp-json\/wp\/v2\/pages"}],"about":[{"href":"https:\/\/zsludov.com\/hu\/wp-json\/wp\/v2\/types\/page"}],"author":[{"embeddable":true,"href":"https:\/\/zsludov.com\/hu\/wp-json\/wp\/v2\/users\/1"}],"replies":[{"embeddable":true,"href":"https:\/\/zsludov.com\/hu\/wp-json\/wp\/v2\/comments?post=2649"}],"version-history":[{"count":15,"href":"https:\/\/zsludov.com\/hu\/wp-json\/wp\/v2\/pages\/2649\/revisions"}],"predecessor-version":[{"id":2961,"href":"https:\/\/zsludov.com\/hu\/wp-json\/wp\/v2\/pages\/2649\/revisions\/2961"}],"wp:attachment":[{"href":"https:\/\/zsludov.com\/hu\/wp-json\/wp\/v2\/media?parent=2649"}],"curies":[{"name":"wp","href":"https:\/\/api.w.org\/{rel}","templated":true}]}}